{"id":17213,"date":"2023-11-18T22:17:33","date_gmt":"2023-11-18T22:17:33","guid":{"rendered":"https:\/\/demo.edublink.co\/?page_id=17213"},"modified":"2026-03-03T11:00:39","modified_gmt":"2026-03-03T11:00:39","slug":"kontakt","status":"publish","type":"page","link":"https:\/\/www.prevodilaczaruski.rs\/ru\/kontakt\/","title":{"rendered":"\u041a\u043e\u043d\u0442\u0430\u043a\u0442\u044b"},"content":{"rendered":"<div data-elementor-type=\"wp-page\" data-elementor-id=\"17213\" class=\"elementor elementor-17213\">\n\t\t\t\t\t\t<section class=\"elementor-section elementor-top-section elementor-element elementor-element-7ed12df elementor-section-boxed elementor-section-height-default elementor-section-height-default\" data-id=\"7ed12df\" data-element_type=\"section\" data-e-type=\"section\">\n\t\t\t\t\t\t<div class=\"elementor-container elementor-column-gap-extended\">\n\t\t\t\t\t<div class=\"elementor-column elementor-col-50 elementor-top-column elementor-element elementor-element-c8aa340\" data-id=\"c8aa340\" data-element_type=\"column\" data-e-type=\"column\">\n\t\t\t<div class=\"elementor-widget-wrap elementor-element-populated\">\n\t\t\t\t\t\t<div class=\"elementor-element elementor-element-bef7517 elementor-widget elementor-widget-heading\" data-id=\"bef7517\" data-element_type=\"widget\" data-e-type=\"widget\" data-widget_type=\"heading.default\">\n\t\t\t\t\t<h3 class=\"elementor-heading-title elementor-size-default\">Kontaktirajte nas<\/h3>\t\t\t\t<\/div>\n\t\t\t\t<div class=\"elementor-element elementor-element-ad68054 elementor-widget elementor-widget-text-editor\" data-id=\"ad68054\" data-element_type=\"widget\" data-e-type=\"widget\" data-widget_type=\"text-editor.default\">\n\t\t\t\t\t\t\t\t\t<p>Zaka\u017eite va\u0161u konsultaciju pozivom na broj telefona, ili putem mejla:<\/p>\t\t\t\t\t\t\t\t<\/div>\n\t\t\t\t<div class=\"elementor-element elementor-element-614944a elementor-widget elementor-widget-heading\" data-id=\"614944a\" data-element_type=\"widget\" data-e-type=\"widget\" data-widget_type=\"heading.default\">\n\t\t\t\t\t<h5 class=\"elementor-heading-title elementor-size-default\">Adresa<\/h5>\t\t\t\t<\/div>\n\t\t\t\t<div class=\"elementor-element elementor-element-d0523ab elementor-widget elementor-widget-text-editor\" data-id=\"d0523ab\" data-element_type=\"widget\" data-e-type=\"widget\" data-widget_type=\"text-editor.default\">\n\t\t\t\t\t\t\t\t\t<p>\u0426\u0410\u0420\u0410 \u0414\u0423\u0428\u0410\u041d\u0410 117 22330 \u041d\u041e\u0412\u0410 \u041f\u0410\u0417\u041e\u0412\u0410<\/p>\t\t\t\t\t\t\t\t<\/div>\n\t\t\t\t<div class=\"elementor-element elementor-element-18d270e elementor-widget elementor-widget-heading\" data-id=\"18d270e\" data-element_type=\"widget\" data-e-type=\"widget\" data-widget_type=\"heading.default\">\n\t\t\t\t\t<h5 class=\"elementor-heading-title elementor-size-default\">Email<\/h5>\t\t\t\t<\/div>\n\t\t\t\t<div class=\"elementor-element elementor-element-97ed7a4    elementor-widget elementor-widget-text-editor\" data-id=\"97ed7a4\" data-element_type=\"widget\" data-e-type=\"widget\" data-widget_type=\"text-editor.default\">\n\t\t\t\t\t\t\t\t\t<p><a href=\"mailto:prevodilaczaruski@gmail.com\">prevodilaczaruski@gmail.com<\/a><\/p>\t\t\t\t\t\t\t\t<\/div>\n\t\t\t\t<div class=\"elementor-element elementor-element-aa261c0 elementor-widget elementor-widget-heading\" data-id=\"aa261c0\" data-element_type=\"widget\" data-e-type=\"widget\" data-widget_type=\"heading.default\">\n\t\t\t\t\t<h5 class=\"elementor-heading-title elementor-size-default\">Telefon<\/h5>\t\t\t\t<\/div>\n\t\t\t\t<div class=\"elementor-element elementor-element-595dd16 elementor-widget elementor-widget-text-editor\" data-id=\"595dd16\" data-element_type=\"widget\" data-e-type=\"widget\" data-widget_type=\"text-editor.default\">\n\t\t\t\t\t\t\t\t\t<p><a href=\"tel:+381 60 31 19 013\">+381 60 31 19 013<\/a><\/p>\t\t\t\t\t\t\t\t<\/div>\n\t\t\t\t<div class=\"elementor-element elementor-element-78ac899 elementor-widget elementor-widget-edublink-social-icons\" data-id=\"78ac899\" data-element_type=\"widget\" data-e-type=\"widget\" data-widget_type=\"edublink-social-icons.default\">\n\t\t\t\t<div class=\"elementor-widget-container\">\n\t\t\t\t\t<div class=\"edublink-social-icons-wrapper\"><a class=\"elementor-repeater-item-cf6a47b edublink-social-icon-each-item elementor-animation-\"><i aria-hidden=\"true\" class=\"edublink icon-share-alt\"><\/i><\/a><a class=\"elementor-repeater-item-01aed80 edublink-social-icon-each-item elementor-animation-\"><i aria-hidden=\"true\" class=\"edublink icon-facebook\"><\/i><\/a><a class=\"elementor-repeater-item-9450a8b edublink-social-icon-each-item elementor-animation-\"><i aria-hidden=\"true\" class=\"edublink icon-twitter\"><\/i><\/a><a class=\"elementor-repeater-item-60bf3fe edublink-social-icon-each-item elementor-animation-\"><i aria-hidden=\"true\" class=\"edublink icon-linkedin2\"><\/i><\/a><\/div>\t\t\t\t<\/div>\n\t\t\t\t<\/div>\n\t\t\t\t\t<\/div>\n\t\t<\/div>\n\t\t\t\t<div class=\"elementor-column elementor-col-50 elementor-top-column elementor-element elementor-element-88dca94\" data-id=\"88dca94\" data-element_type=\"column\" data-e-type=\"column\" data-settings=\"{&quot;background_background&quot;:&quot;classic&quot;}\">\n\t\t\t<div class=\"elementor-widget-wrap elementor-element-populated\">\n\t\t\t\t\t\t<div class=\"elementor-element elementor-element-3a53f08 elementor-widget__width-auto elementor-absolute elementor-hidden-tablet elementor-hidden-mobile elementor-widget elementor-widget-edublink-animation\" data-id=\"3a53f08\" data-element_type=\"widget\" data-e-type=\"widget\" data-settings=\"{&quot;_position&quot;:&quot;absolute&quot;}\" data-widget_type=\"edublink-animation.default\">\n\t\t\t\t<div class=\"elementor-widget-container\">\n\t\t\t\t\t<div class=\"edublink-animation-widget edublink-animation-display-type-mouse-track edublink-animation-content-type-image edublink-mouse-track-item\"><span data-depth=\"-1.5\"><img decoding=\"async\" src=\"https:\/\/www.prevodilaczaruski.rs\/wp-content\/uploads\/2025\/12\/flote1.png.webp\" alt=\"flote1.png\"><\/span><\/div>\t\t\t\t<\/div>\n\t\t\t\t<\/div>\n\t\t\t\t<div class=\"elementor-element elementor-element-1a61784 elementor-widget__width-auto elementor-absolute elementor-hidden-tablet elementor-hidden-mobile elementor-widget elementor-widget-edublink-animation\" data-id=\"1a61784\" data-element_type=\"widget\" data-e-type=\"widget\" data-settings=\"{&quot;_position&quot;:&quot;absolute&quot;}\" data-widget_type=\"edublink-animation.default\">\n\t\t\t\t<div class=\"elementor-widget-container\">\n\t\t\t\t\t<div class=\"edublink-animation-widget edublink-animation-display-type-mouse-track edublink-animation-content-type-image edublink-mouse-track-item\"><span data-depth=\"1.5\"><img decoding=\"async\" src=\"https:\/\/www.prevodilaczaruski.rs\/wp-content\/uploads\/2025\/12\/flote.png\" alt=\"flote\"><\/span><\/div>\t\t\t\t<\/div>\n\t\t\t\t<\/div>\n\t\t<div class=\"elementor-element elementor-element-5690efc e-con-full e-flex e-con e-child\" data-id=\"5690efc\" data-element_type=\"container\" data-e-type=\"container\">\n\t\t\t\t<div class=\"elementor-element elementor-element-43b0ae4 elementor-widget elementor-widget-edublink-contact-form-seven\" data-id=\"43b0ae4\" data-element_type=\"widget\" data-e-type=\"widget\" data-widget_type=\"edublink-contact-form-seven.default\">\n\t\t\t\t<div class=\"elementor-widget-container\">\n\t\t\t\t\t<div class=\"edublink-contact-form-wrapper\">\n<div class=\"wpcf7 no-js\" id=\"wpcf7-f17264-o1\" lang=\"en-US\" dir=\"ltr\" data-wpcf7-id=\"17264\">\n<div class=\"screen-reader-response\"><p role=\"status\" aria-live=\"polite\" aria-atomic=\"true\"><\/p> <ul><\/ul><\/div>\n<form action=\"\/ru\/wp-json\/wp\/v2\/pages\/17213#wpcf7-f17264-o1\" method=\"post\" class=\"wpcf7-form init\" aria-label=\"Contact form\" novalidate=\"novalidate\" data-status=\"init\" data-trp-original-action=\"\/ru\/wp-json\/wp\/v2\/pages\/17213#wpcf7-f17264-o1\">\n<fieldset class=\"hidden-fields-container\"><input type=\"hidden\" name=\"_wpcf7\" value=\"17264\" \/><input type=\"hidden\" name=\"_wpcf7_version\" value=\"6.1.5\" \/><input type=\"hidden\" name=\"_wpcf7_locale\" value=\"en_US\" \/><input type=\"hidden\" name=\"_wpcf7_unit_tag\" value=\"wpcf7-f17264-o1\" \/><input type=\"hidden\" name=\"_wpcf7_container_post\" value=\"0\" \/><input type=\"hidden\" name=\"_wpcf7_posted_data_hash\" value=\"\" \/>\n<\/fieldset>\n<div class=\"edublink-contact-form-wrapper eb-contact-us-form\">\n\t<div class=\"edublink-contact-form-single-item\">\n\t\t<div class=\"edublink-contact-form-single-item-content\">\n\t\t\t<p><span class=\"wpcf7-form-control-wrap\" data-name=\"text-245\"><input size=\"40\" maxlength=\"400\" class=\"wpcf7-form-control wpcf7-text wpcf7-validates-as-required edublink-contact-form-field\" aria-required=\"true\" aria-invalid=\"false\" placeholder=\"\u0438\u043c\u044f *\" value=\"\" type=\"text\" name=\"text-245\" \/><\/span>\n\t\t\t<\/p>\n\t\t<\/div>\n\t<\/div>\n\t<div class=\"edublink-contact-form-single-item\">\n\t\t<div class=\"edublink-contact-form-single-item-content\">\n\t\t\t<p><span class=\"wpcf7-form-control-wrap\" data-name=\"email-349\"><input size=\"40\" maxlength=\"400\" class=\"wpcf7-form-control wpcf7-email wpcf7-validates-as-required wpcf7-text wpcf7-validates-as-email edublink-contact-form-field\" aria-required=\"true\" aria-invalid=\"false\" placeholder=\"Va\u0161a email adresa *\" value=\"\" type=\"email\" name=\"email-349\" \/><\/span>\n\t\t\t<\/p>\n\t\t<\/div>\n\t<\/div>\n\t<div class=\"edublink-contact-form-single-item\">\n\t\t<div class=\"edublink-contact-form-single-item-content\">\n\t\t\t<p><span class=\"wpcf7-form-control-wrap\" data-name=\"text-447\"><input size=\"40\" maxlength=\"400\" class=\"wpcf7-form-control wpcf7-text edublink-contact-form-field\" aria-invalid=\"false\" placeholder=\"Tema poruke\" value=\"\" type=\"text\" name=\"text-447\" \/><\/span>\n\t\t\t<\/p>\n\t\t<\/div>\n\t<\/div>\n\t<div class=\"edublink-contact-form-single-item\">\n\t\t<div class=\"edublink-contact-form-single-item-content edublink-contact-form-textarea\">\n\t\t\t<p><span class=\"wpcf7-form-control-wrap\" data-name=\"textarea-865\"><textarea cols=\"40\" rows=\"4\" maxlength=\"2000\" class=\"wpcf7-form-control wpcf7-textarea wpcf7-validates-as-required edublink-contact-form-textarea edublink-contact-form-field\" aria-required=\"true\" aria-invalid=\"false\" placeholder=\"Tekst poruke\" name=\"textarea-865\"><\/textarea><\/span>\n\t\t\t<\/p>\n\t\t<\/div>\n\t<\/div>\n\t<div class=\"edublink-contact-form-single-item eb-contact-button\">\n\t\t<div class=\"eb-contact-button-wrapper\">\n\t\t\t<p><input class=\"wpcf7-form-control wpcf7-submit has-spinner edublink-button-with-icon\" type=\"submit\" value=\"\u041e\u0442\u043f\u0440\u0430\u0432\u043b\u044f\u0442\u044c\" \/>\n\t\t\t<\/p>\n\t\t<\/div>\n\t<\/div>\n<\/div><div class=\"wpcf7-response-output\" aria-hidden=\"true\"><\/div>\n<input type=\"hidden\" name=\"trp-form-language\" value=\"ru\"\/><\/form>\n<\/div>\n<\/div>\t\t\t\t<\/div>\n\t\t\t\t<\/div>\n\t\t\t\t<\/div>\n\t\t\t\t\t<\/div>\n\t\t<\/div>\n\t\t\t\t\t<\/div>\n\t\t<\/section>\n\t\t\t\t<section class=\"elementor-section elementor-top-section elementor-element elementor-element-a7d265d elementor-section-full_width elementor-section-height-default elementor-section-height-default\" data-id=\"a7d265d\" data-element_type=\"section\" data-e-type=\"section\">\n\t\t\t\t\t\t<div class=\"elementor-container elementor-column-gap-no\">\n\t\t\t\t\t<div class=\"elementor-column elementor-col-100 elementor-top-column elementor-element elementor-element-102888e\" data-id=\"102888e\" data-element_type=\"column\" data-e-type=\"column\">\n\t\t\t<div class=\"elementor-widget-wrap elementor-element-populated\">\n\t\t\t\t\t\t<div class=\"elementor-element elementor-element-3ac55f1 elementor-widget elementor-widget-google_maps\" data-id=\"3ac55f1\" data-element_type=\"widget\" data-e-type=\"widget\" data-widget_type=\"google_maps.default\">\n\t\t\t\t\t\t\t<div class=\"elementor-custom-embed\">\n\t\t\t<iframe loading=\"lazy\"\n\t\t\t\t\tsrc=\"https:\/\/maps.google.com\/maps?q=Sudski%20prevodilac%20za%20ruski%20jezik%20ABM%2C%20%D0%A6%D0%B0%D1%80%D0%B0%20%D0%94%D1%83%D1%88%D0%B0%D0%BD%D0%B0%20117%20a%2C%20%D0%9D%D0%BE%D0%B2%D0%B0%20%D0%9F%D0%B0%D0%B7%D0%BE%D0%B2%D0%B0%2022330&#038;t=m&#038;z=12&#038;output=embed&#038;iwloc=near\"\n\t\t\t\t\ttitle=\"Sudski prevodilac za ruski jezik ABM, \u0426\u0430\u0440\u0430 \u0414\u0443\u0448\u0430\u043d\u0430 117 a, \u041d\u043e\u0432\u0430 \u041f\u0430\u0437\u043e\u0432\u0430 22330\"\n\t\t\t\t\taria-label=\"Sudski prevodilac za ruski jezik ABM, \u0426\u0430\u0440\u0430 \u0414\u0443\u0448\u0430\u043d\u0430 117 a, \u041d\u043e\u0432\u0430 \u041f\u0430\u0437\u043e\u0432\u0430 22330\"\n\t\t\t><\/iframe>\n\t\t<\/div>\n\t\t\t\t\t\t<\/div>\n\t\t\t\t\t<\/div>\n\t\t<\/div>\n\t\t\t\t\t<\/div>\n\t\t<\/section>\n\t\t\t\t<\/div>","protected":false},"excerpt":{"rendered":"<p>Kontaktirajte nas Zaka\u017eite va\u0161u konsultaciju pozivom na broj telefona, ili putem mejla: Adresa CARA DU\u0160ANA 117 22330\u00a0 NOVA PAZOVA Email&#8230;<\/p>","protected":false},"author":1,"featured_media":0,"parent":0,"menu_order":0,"comment_status":"closed","ping_status":"closed","template":"","meta":{"footnotes":""},"class_list":["post-17213","page","type-page","status-publish","hentry"],"yoast_head":"<!-- This site is optimized with the Yoast SEO plugin v27.5 - https:\/\/yoast.com\/product\/yoast-seo-wordpress\/ -->\n<title>Kontakt - Prevodilac za ruski jezik<\/title>\n<meta name=\"description\" content=\"Kontaktirajte profesionalnog prevodioca za ruski jezik za brze, ta\u010dne i poverljive prevode. Dostupni pisani i usmeni prevodi po dogovoru.\" \/>\n<meta name=\"robots\" content=\"index, follow, max-snippet:-1, max-image-preview:large, max-video-preview:-1\" \/>\n<link rel=\"canonical\" href=\"https:\/\/www.prevodilaczaruski.rs\/ru\/kontakt\/\" \/>\n<meta property=\"og:locale\" content=\"ru_RU\" \/>\n<meta property=\"og:type\" content=\"article\" \/>\n<meta property=\"og:title\" content=\"Kontakt - Prevodilac za ruski jezik\" \/>\n<meta property=\"og:description\" content=\"Kontaktirajte profesionalnog prevodioca za ruski jezik za brze, ta\u010dne i poverljive prevode. Dostupni pisani i usmeni prevodi po dogovoru.\" \/>\n<meta property=\"og:url\" content=\"https:\/\/www.prevodilaczaruski.rs\/ru\/kontakt\/\" \/>\n<meta property=\"og:site_name\" content=\"Prevodilac za ruski jezik\" \/>\n<meta property=\"article:modified_time\" content=\"2026-03-03T11:00:39+00:00\" \/>\n<meta property=\"og:image\" content=\"https:\/\/novi.prevodilaczaruski.rs\/wp-content\/uploads\/2025\/12\/flote1.png.webp\" \/>\n<meta name=\"twitter:card\" content=\"summary_large_image\" \/>\n<meta name=\"twitter:label1\" content=\"\u041f\u0440\u0438\u043c\u0435\u0440\u043d\u043e\u0435 \u0432\u0440\u0435\u043c\u044f \u0434\u043b\u044f \u0447\u0442\u0435\u043d\u0438\u044f\" \/>\n\t<meta name=\"twitter:data1\" content=\"1 \u043c\u0438\u043d\u0443\u0442\u0430\" \/>\n<script type=\"application\/ld+json\" class=\"yoast-schema-graph\">{\"@context\":\"https:\\\/\\\/schema.org\",\"@graph\":[{\"@type\":\"WebPage\",\"@id\":\"https:\\\/\\\/www.prevodilaczaruski.rs\\\/kontakt\\\/\",\"url\":\"https:\\\/\\\/www.prevodilaczaruski.rs\\\/kontakt\\\/\",\"name\":\"Kontakt - Prevodilac za ruski jezik\",\"isPartOf\":{\"@id\":\"https:\\\/\\\/www.prevodilaczaruski.rs\\\/ru\\\/#website\"},\"primaryImageOfPage\":{\"@id\":\"https:\\\/\\\/www.prevodilaczaruski.rs\\\/kontakt\\\/#primaryimage\"},\"image\":{\"@id\":\"https:\\\/\\\/www.prevodilaczaruski.rs\\\/kontakt\\\/#primaryimage\"},\"thumbnailUrl\":\"https:\\\/\\\/novi.prevodilaczaruski.rs\\\/wp-content\\\/uploads\\\/2025\\\/12\\\/flote1.png.webp\",\"datePublished\":\"2023-11-18T22:17:33+00:00\",\"dateModified\":\"2026-03-03T11:00:39+00:00\",\"description\":\"Kontaktirajte profesionalnog prevodioca za ruski jezik za brze, ta\u010dne i poverljive prevode. Dostupni pisani i usmeni prevodi po dogovoru.\",\"breadcrumb\":{\"@id\":\"https:\\\/\\\/www.prevodilaczaruski.rs\\\/kontakt\\\/#breadcrumb\"},\"inLanguage\":\"ru-RU\",\"potentialAction\":[{\"@type\":\"ReadAction\",\"target\":[\"https:\\\/\\\/www.prevodilaczaruski.rs\\\/kontakt\\\/\"]}]},{\"@type\":\"ImageObject\",\"inLanguage\":\"ru-RU\",\"@id\":\"https:\\\/\\\/www.prevodilaczaruski.rs\\\/kontakt\\\/#primaryimage\",\"url\":\"https:\\\/\\\/novi.prevodilaczaruski.rs\\\/wp-content\\\/uploads\\\/2025\\\/12\\\/flote1.png.webp\",\"contentUrl\":\"https:\\\/\\\/novi.prevodilaczaruski.rs\\\/wp-content\\\/uploads\\\/2025\\\/12\\\/flote1.png.webp\"},{\"@type\":\"BreadcrumbList\",\"@id\":\"https:\\\/\\\/www.prevodilaczaruski.rs\\\/kontakt\\\/#breadcrumb\",\"itemListElement\":[{\"@type\":\"ListItem\",\"position\":1,\"name\":\"Po\u010detna\",\"item\":\"https:\\\/\\\/www.prevodilaczaruski.rs\\\/\"},{\"@type\":\"ListItem\",\"position\":2,\"name\":\"Kontakt\"}]},{\"@type\":\"WebSite\",\"@id\":\"https:\\\/\\\/www.prevodilaczaruski.rs\\\/ru\\\/#website\",\"url\":\"https:\\\/\\\/www.prevodilaczaruski.rs\\\/ru\\\/\",\"name\":\"Prevodilac za ruski jezik\",\"description\":\"\",\"publisher\":{\"@id\":\"https:\\\/\\\/www.prevodilaczaruski.rs\\\/ru\\\/#organization\"},\"potentialAction\":[{\"@type\":\"SearchAction\",\"target\":{\"@type\":\"EntryPoint\",\"urlTemplate\":\"https:\\\/\\\/www.prevodilaczaruski.rs\\\/ru\\\/?s={search_term_string}\"},\"query-input\":{\"@type\":\"PropertyValueSpecification\",\"valueRequired\":true,\"valueName\":\"search_term_string\"}}],\"inLanguage\":\"ru-RU\"},{\"@type\":\"Organization\",\"@id\":\"https:\\\/\\\/www.prevodilaczaruski.rs\\\/ru\\\/#organization\",\"name\":\"Prevodilac za ruski jezik\",\"url\":\"https:\\\/\\\/www.prevodilaczaruski.rs\\\/ru\\\/\",\"logo\":{\"@type\":\"ImageObject\",\"inLanguage\":\"ru-RU\",\"@id\":\"https:\\\/\\\/www.prevodilaczaruski.rs\\\/ru\\\/#\\\/schema\\\/logo\\\/image\\\/\",\"url\":\"https:\\\/\\\/www.prevodilaczaruski.rs\\\/wp-content\\\/uploads\\\/2025\\\/12\\\/logo.png\",\"contentUrl\":\"https:\\\/\\\/www.prevodilaczaruski.rs\\\/wp-content\\\/uploads\\\/2025\\\/12\\\/logo.png\",\"width\":120,\"height\":120,\"caption\":\"Prevodilac za ruski jezik\"},\"image\":{\"@id\":\"https:\\\/\\\/www.prevodilaczaruski.rs\\\/ru\\\/#\\\/schema\\\/logo\\\/image\\\/\"}}]}<\/script>\n<!-- \/ Yoast SEO plugin. -->","yoast_head_json":{"title":"Kontakt - Prevodilac za ruski jezik","description":"Kontaktirajte profesionalnog prevodioca za ruski jezik za brze, ta\u010dne i poverljive prevode. Dostupni pisani i usmeni prevodi po dogovoru.","robots":{"index":"index","follow":"follow","max-snippet":"max-snippet:-1","max-image-preview":"max-image-preview:large","max-video-preview":"max-video-preview:-1"},"canonical":"https:\/\/www.prevodilaczaruski.rs\/ru\/kontakt\/","og_locale":"ru_RU","og_type":"article","og_title":"Kontakt - Prevodilac za ruski jezik","og_description":"Kontaktirajte profesionalnog prevodioca za ruski jezik za brze, ta\u010dne i poverljive prevode. Dostupni pisani i usmeni prevodi po dogovoru.","og_url":"https:\/\/www.prevodilaczaruski.rs\/ru\/kontakt\/","og_site_name":"Prevodilac za ruski jezik","article_modified_time":"2026-03-03T11:00:39+00:00","og_image":[{"url":"https:\/\/novi.prevodilaczaruski.rs\/wp-content\/uploads\/2025\/12\/flote1.png.webp","type":"","width":"","height":""}],"twitter_card":"summary_large_image","twitter_misc":{"\u041f\u0440\u0438\u043c\u0435\u0440\u043d\u043e\u0435 \u0432\u0440\u0435\u043c\u044f \u0434\u043b\u044f \u0447\u0442\u0435\u043d\u0438\u044f":"1 \u043c\u0438\u043d\u0443\u0442\u0430"},"schema":{"@context":"https:\/\/schema.org","@graph":[{"@type":"WebPage","@id":"https:\/\/www.prevodilaczaruski.rs\/kontakt\/","url":"https:\/\/www.prevodilaczaruski.rs\/kontakt\/","name":"Kontakt - Prevodilac za ruski jezik","isPartOf":{"@id":"https:\/\/www.prevodilaczaruski.rs\/ru\/#website"},"primaryImageOfPage":{"@id":"https:\/\/www.prevodilaczaruski.rs\/kontakt\/#primaryimage"},"image":{"@id":"https:\/\/www.prevodilaczaruski.rs\/kontakt\/#primaryimage"},"thumbnailUrl":"https:\/\/novi.prevodilaczaruski.rs\/wp-content\/uploads\/2025\/12\/flote1.png.webp","datePublished":"2023-11-18T22:17:33+00:00","dateModified":"2026-03-03T11:00:39+00:00","description":"Kontaktirajte profesionalnog prevodioca za ruski jezik za brze, ta\u010dne i poverljive prevode. Dostupni pisani i usmeni prevodi po dogovoru.","breadcrumb":{"@id":"https:\/\/www.prevodilaczaruski.rs\/kontakt\/#breadcrumb"},"inLanguage":"ru-RU","potentialAction":[{"@type":"ReadAction","target":["https:\/\/www.prevodilaczaruski.rs\/kontakt\/"]}]},{"@type":"ImageObject","inLanguage":"ru-RU","@id":"https:\/\/www.prevodilaczaruski.rs\/kontakt\/#primaryimage","url":"https:\/\/novi.prevodilaczaruski.rs\/wp-content\/uploads\/2025\/12\/flote1.png.webp","contentUrl":"https:\/\/novi.prevodilaczaruski.rs\/wp-content\/uploads\/2025\/12\/flote1.png.webp"},{"@type":"BreadcrumbList","@id":"https:\/\/www.prevodilaczaruski.rs\/kontakt\/#breadcrumb","itemListElement":[{"@type":"ListItem","position":1,"name":"Po\u010detna","item":"https:\/\/www.prevodilaczaruski.rs\/"},{"@type":"ListItem","position":2,"name":"Kontakt"}]},{"@type":"WebSite","@id":"https:\/\/www.prevodilaczaruski.rs\/ru\/#website","url":"https:\/\/www.prevodilaczaruski.rs\/ru\/","name":"Prevodilac za ruski jezik","description":"","publisher":{"@id":"https:\/\/www.prevodilaczaruski.rs\/ru\/#organization"},"potentialAction":[{"@type":"SearchAction","target":{"@type":"EntryPoint","urlTemplate":"https:\/\/www.prevodilaczaruski.rs\/ru\/?s={search_term_string}"},"query-input":{"@type":"PropertyValueSpecification","valueRequired":true,"valueName":"search_term_string"}}],"inLanguage":"ru-RU"},{"@type":"Organization","@id":"https:\/\/www.prevodilaczaruski.rs\/ru\/#organization","name":"Prevodilac za ruski jezik","url":"https:\/\/www.prevodilaczaruski.rs\/ru\/","logo":{"@type":"ImageObject","inLanguage":"ru-RU","@id":"https:\/\/www.prevodilaczaruski.rs\/ru\/#\/schema\/logo\/image\/","url":"https:\/\/www.prevodilaczaruski.rs\/wp-content\/uploads\/2025\/12\/logo.png","contentUrl":"https:\/\/www.prevodilaczaruski.rs\/wp-content\/uploads\/2025\/12\/logo.png","width":120,"height":120,"caption":"Prevodilac za ruski jezik"},"image":{"@id":"https:\/\/www.prevodilaczaruski.rs\/ru\/#\/schema\/logo\/image\/"}}]}},"_links":{"self":[{"href":"https:\/\/www.prevodilaczaruski.rs\/ru\/wp-json\/wp\/v2\/pages\/17213","targetHints":{"allow":["GET"]}}],"collection":[{"href":"https:\/\/www.prevodilaczaruski.rs\/ru\/wp-json\/wp\/v2\/pages"}],"about":[{"href":"https:\/\/www.prevodilaczaruski.rs\/ru\/wp-json\/wp\/v2\/types\/page"}],"author":[{"embeddable":true,"href":"https:\/\/www.prevodilaczaruski.rs\/ru\/wp-json\/wp\/v2\/users\/1"}],"replies":[{"embeddable":true,"href":"https:\/\/www.prevodilaczaruski.rs\/ru\/wp-json\/wp\/v2\/comments?post=17213"}],"version-history":[{"count":1,"href":"https:\/\/www.prevodilaczaruski.rs\/ru\/wp-json\/wp\/v2\/pages\/17213\/revisions"}],"predecessor-version":[{"id":23432,"href":"https:\/\/www.prevodilaczaruski.rs\/ru\/wp-json\/wp\/v2\/pages\/17213\/revisions\/23432"}],"wp:attachment":[{"href":"https:\/\/www.prevodilaczaruski.rs\/ru\/wp-json\/wp\/v2\/media?parent=17213"}],"curies":[{"name":"wp","href":"https:\/\/api.w.org\/{rel}","templated":true}]}}